{"id":474,"date":"2025-09-17T21:24:22","date_gmt":"2025-09-17T19:24:22","guid":{"rendered":"https:\/\/www.ag-urodela.de\/?page_id=474"},"modified":"2025-10-03T21:13:18","modified_gmt":"2025-10-03T19:13:18","slug":"tagung-2025","status":"publish","type":"page","link":"https:\/\/www.ag-urodela.de\/en\/tagung-2025\/","title":{"rendered":"Tagung 2025"},"content":{"rendered":"\n<p>Die AG Urodela trifft sich einmal im Jahr in Gersfeld (Rh\u00f6n). Diese Veranstaltung erm\u00f6glicht den Mitgliedern Kniffe, Erfahrungen und neuestes Wissen auszutauschen. Die Beliebtheit zeigt sich daran, dass jedes Jahr Teilnehmer aus der ganzen Welt anreisen, um sich f\u00fcr ein Wochenende zu treffen. So kommen Mitglieder aus Belgien, Niederlande, Frankreich, Schweden, D\u00e4nemark, Spanien, Schweiz, Liechtenstein, \u00d6sterreich, Italien, USA, Argentinien, Vereingtes K\u00f6nigreich, Polen, Tschechien und nat\u00fcrlich Deutschland.<\/p>\n\n\n\n<p><b><strong>Das 35. Treffen der AG Urodela wird Donnerstag 9.10.2025 und Samstag 11.10.2025 in Gersfeld<\/strong> (Rh\u00f6n) stattfinden.<\/b><\/p>\n\n\n\n<p><\/p>\n\n\n\n<p><strong>Donnerstag, 9.10.2025<\/strong><\/p>\n\n\n\n<p>Ankunft und gem\u00fctliches Zusammensein in den Gastst\u00e4tten von Gersfeld.<\/p>\n\n\n\n<p><strong>Freitag, 10.10.2025<\/strong><\/p>\n\n\n\n<figure class=\"wp-block-table\"><table class=\"has-fixed-layout\"><tbody><tr><td><strong>11:00 &#8211; 15:00 Uhr<\/strong><\/td><td class=\"has-text-align-left\" data-align=\"left\"><strong>Besuch Aquarien- und Terrarienverein &#8216;Scalare&#8217;<\/strong><br><em>Fulda: T\u00fcmpelgarten<\/em><\/td><\/tr><tr><td><strong>17:30 &#8211; 19:00 Uhr<\/strong><\/td><td class=\"has-text-align-left\" data-align=\"left\"><strong>Gelegenheit zu Anbietung, Demonstration und Tausch von Tieren<\/strong><br><em>Stadthalle<\/em><\/td><\/tr><tr><td><strong>Abendvortrag<br>20:30 &#8211; 22:00 Uhr<\/strong><\/td><td class=\"has-text-align-left\" data-align=\"left\"><em>Alexander Kupfer, Sebastian Voitel &amp; Joachim Nerz<\/em><br><strong>Caecileans: Die Welt der Gymnophiona, Teil 1<\/strong><\/td><\/tr><tr><td><strong>ab 22:00 Uhr<\/strong><\/td><td class=\"has-text-align-left\" data-align=\"left\"><strong>Netzwerken im Restaurant Kaufmann<\/strong><\/td><\/tr><\/tbody><\/table><\/figure>\n\n\n\n<div style=\"height:5px\" aria-hidden=\"true\" class=\"wp-block-spacer\"><\/div>\n\n\n\n<figure class=\"wp-block-table\"><table class=\"has-fixed-layout\"><tbody><tr><td><strong>09:00 &#8211; 09:10 Uhr<\/strong><br><\/td><td class=\"has-text-align-left\" data-align=\"left\"><em><em>Alexander Kupfer<\/em><\/em> &amp; Serg\u00e9 Bogaerts<br><strong>Begr\u00fc\u00dfung<\/strong><\/td><\/tr><tr><td><strong>09:10 &#8211; 09:30 Uhr<\/strong><\/td><td class=\"has-text-align-left\" data-align=\"left\"><em>Uwe Gerlach<\/em><br><strong>Auf den Spuren von <em>Laotriton laoensis<\/em><\/strong><\/td><\/tr><tr><td><strong>09:30 &#8211; 09:50 Uhr<\/strong><\/td><td class=\"has-text-align-left\" data-align=\"left\"><em>Jeremy Herbiniaux<\/em><br><strong><strong><strong><strong>Freilandhaltung von Urodelen<\/strong><\/strong><\/strong><\/strong><\/td><\/tr><tr><td><strong>09:50 &#8211; 10:10 Uhr<\/strong><\/td><td class=\"has-text-align-left\" data-align=\"left\"><em><em>erg\u00e9 Bogaerts<\/em><\/em><br><strong><strong>Lyciasalamandra-Forschung: eine \u00dcbersicht<\/strong><\/strong><\/td><\/tr><tr><td><strong>10:10 &#8211; 10:30 Uhr<\/strong><\/td><td class=\"has-text-align-left\" data-align=\"left\"><em>Ron Bonett<\/em><br><strong>Die Evolution der Salamanderaugen<\/strong><\/td><\/tr><tr><td><strong>10:30 &#8211; 11:00 Uhr<\/strong><\/td><td class=\"has-text-align-left\" data-align=\"left\"><strong>Kaffeepause I<\/strong><\/td><\/tr><tr><td><strong>11:00 &#8211; 11:20 Uhr<\/strong><\/td><td class=\"has-text-align-left\" data-align=\"left\"><em>Frank Pasmans (Online)<\/em><br><strong>BSal anno 2025<\/strong><\/td><\/tr><tr><td><strong>11:20 &#8211; 11:40 Uhr<\/strong><\/td><td class=\"has-text-align-left\" data-align=\"left\"><em>Emillio Ramirez<\/em><br><strong><strong>Pathologie bei Urodelen<\/strong><\/strong><\/td><\/tr><tr><td><strong>11:40 &#8211; 12:00 Uhr<\/strong><\/td><td class=\"has-text-align-left\" data-align=\"left\"><em>Maximillian Dehling<\/em><br><strong><strong>Winterruhe oder Inaktivit\u00e4t? Winterbeobachtungen in einer mitteleurop\u00e4ischen Population des Feuersalamanders<\/strong><\/strong><\/td><\/tr><tr><td><strong>12:00 Uhr<\/strong><\/td><td class=\"has-text-align-left\" data-align=\"left\"><em>Philip Gerhardt &amp; Alle<\/em><br><strong>Gruppenfoto<\/strong><\/td><\/tr><tr><td><strong>12:00 &#8211; 14:00 Uhr<\/strong><\/td><td class=\"has-text-align-left\" data-align=\"left\"><strong><strong>Mittagspause<\/strong><\/strong><\/td><\/tr><tr><td><strong>14:00 &#8211; 14:20 Uhr<\/strong><\/td><td class=\"has-text-align-left\" data-align=\"left\"><em>Uwe Gerlach<\/em> &amp; <em>Wolf-R\u00fcdiger Grosse<\/em><br><strong><strong>Ver\u00f6ffentlichungen &amp; Vortr\u00e4ge der AG Urodela von 1989 bis heute<\/strong><\/strong><\/td><\/tr><tr><td><strong>14:20 &#8211; 14:40 Uh<\/strong>r<\/td><td class=\"has-text-align-left\" data-align=\"left\"><em>Frederik Wietbrok<\/em><br><strong>Salamanderanwalt &#8211; Salamander und Recht<\/strong><\/td><\/tr><tr><td><strong>14:40 &#8211; 15:00 Uhr<\/strong><\/td><td class=\"has-text-align-left\" data-align=\"left\"><em><em><em><em>Dietrich Mebs<\/em><\/em><\/em><\/em><br><strong>Wer frisst giftige Molche?<\/strong><\/td><\/tr><tr><td><strong>15:00 &#8211; 15:20 Uhr <\/strong><\/td><td class=\"has-text-align-left\" data-align=\"left\"><em>Benjamin Monod-Broca, Nikolay Poyarkov, Axel Hernandez, Christophe Dufresnes<\/em><br><strong><strong>Genomic revelations in <em>Tylototriton<\/em> and <em>Echinotriton<\/em>: insights into phylogeography and the identity of captive newts.<\/strong><\/strong><\/td><\/tr><tr><td><strong>15:20 &#8211; 16:00 Uhr<\/strong><\/td><td class=\"has-text-align-left\" data-align=\"left\"><strong>Kaffeepause II<\/strong><\/td><\/tr><tr><td><\/td><td class=\"has-text-align-left\" data-align=\"left\"><\/td><\/tr><tr><td><strong>Tradescantien Glas Heute<\/strong><\/td><td class=\"has-text-align-left\" data-align=\"left\"><\/td><\/tr><tr><td><strong>16:00 &#8211; 16:15 Uhr<\/strong><\/td><td class=\"has-text-align-left\" data-align=\"left\"><em>Kamil D. Szepanski<\/em><br><strong>Haltung und Zucht von <em>Ambystoma texanum<\/em><\/strong><\/td><\/tr><tr><td><strong>16:15 &#8211; 16:30 Uhr<\/strong><\/td><td class=\"has-text-align-left\" data-align=\"left\"><em><em>Stefan Greff<\/em><\/em> &amp; Walter Wiest<br><strong><strong>Futtertierzucht f\u00fcr Urodelen<\/strong><\/strong><\/td><\/tr><tr><td><strong>16:30 &#8211; 16:45 Uhr<\/strong><\/td><td class=\"has-text-align-left\" data-align=\"left\"><em>Mario Riedling<\/em><br><strong><strong><strong>Nachzuchtstatistik Deutschland 2024\/2025<\/strong><\/strong><\/strong><\/td><\/tr><tr><td><strong>16:45 &#8211; 17:00 Uhr<\/strong><\/td><td class=\"has-text-align-left\" data-align=\"left\"><em>Walter Wiest<\/em><br><strong><strong><strong>Salamander-Futter selbst herstellen<\/strong><\/strong><\/strong><\/td><\/tr><tr><td><strong>17:00 &#8211; 17:15 Uhr <\/strong><\/td><td class=\"has-text-align-left\" data-align=\"left\"><em>Chris Michaels<\/em><br><strong>Salamander Shed: remote operating systems and environmental monitoring: keeping salamanders on a distance<\/strong><\/td><\/tr><tr><td><strong>17:15 &#8211; 17:30 Uhr <\/strong><\/td><td class=\"has-text-align-left\" data-align=\"left\"><em>Uwe Seidel<\/em><br><strong><strong>Alpensalamander Kompetenz Zentrum<\/strong><\/strong><\/td><\/tr><tr><td><strong>17:30 &#8211; 17:50 Uhr<\/strong><\/td><td class=\"has-text-align-left\" data-align=\"left\"><em>Karl Neubauer &amp; Florian Glaser<\/em><br><strong><strong><strong>Haltung und Vermehrung von <em>Tylototriton lizhengchangi<\/em><\/strong><\/strong><\/strong><\/td><\/tr><tr><td><strong>17:50 &#8211; 18:00 Uhr<\/strong><\/td><td class=\"has-text-align-left\" data-align=\"left\"><em>Philip Gerhardt<\/em><br><strong>Alte Gene hinter Glas: Welcher Zuchtstamm ist der \u00e4lteste?<\/strong><\/td><\/tr><tr><td><strong>18:00 Uhr<\/strong><\/td><td class=\"has-text-align-left\" data-align=\"left\"><em><em><em>Alexander Kupfer<\/em><\/em> &amp; Serg\u00e9 Bogaerts<\/em><br><strong>Aus der AG Urodela<\/strong><\/td><\/tr><tr><td><strong>20:00 Uhr &#8211; open End<\/strong><\/td><td class=\"has-text-align-left\" data-align=\"left\"><strong><strong>Netzwerken im Restaurant \u201eKaufmann\u2019s\u201c <\/strong>(im Parterre der Stadthalle Gersfeld)<\/strong><\/td><\/tr><\/tbody><\/table><\/figure>\n\n\n\n<p><strong>Samstag, 11.10.2025<\/strong><\/p>\n\n\n\n<figure class=\"wp-block-image size-large\"><img loading=\"lazy\" decoding=\"async\" width=\"1024\" height=\"682\" src=\"http:\/\/www.ag-urodela.de\/wp-content\/uploads\/2024\/07\/DSC00134_HP-1024x682.jpg\" alt=\"\" class=\"wp-image-443\" srcset=\"https:\/\/www.ag-urodela.de\/wp-content\/uploads\/2024\/07\/DSC00134_HP-1024x682.jpg 1024w, https:\/\/www.ag-urodela.de\/wp-content\/uploads\/2024\/07\/DSC00134_HP-300x200.jpg 300w, https:\/\/www.ag-urodela.de\/wp-content\/uploads\/2024\/07\/DSC00134_HP-768x512.jpg 768w, https:\/\/www.ag-urodela.de\/wp-content\/uploads\/2024\/07\/DSC00134_HP-570x380.jpg 570w, https:\/\/www.ag-urodela.de\/wp-content\/uploads\/2024\/07\/DSC00134_HP-380x254.jpg 380w, https:\/\/www.ag-urodela.de\/wp-content\/uploads\/2024\/07\/DSC00134_HP-285x190.jpg 285w, https:\/\/www.ag-urodela.de\/wp-content\/uploads\/2024\/07\/DSC00134_HP.jpg 1400w\" sizes=\"auto, (max-width: 1024px) 100vw, 1024px\" \/><figcaption class=\"wp-element-caption\">Tagung 2023 &#8211; Autor: Philip Gerhardt<\/figcaption><\/figure>\n\n\n\n<p>Wir freuen uns wie immer auf viele interessante Fachvortr\u00e4ge, den Austausch mit den Expert*innen und das gemeinsame Beisammensein aller Urodelenfreunde in herbstlicher Atmosph\u00e4re!<\/p>\n\n\n\n<p>Euer Vorstand der DGHT AG Urodela<\/p>\n\n\n\n<p><\/p>\n","protected":false},"excerpt":{"rendered":"<p>Die AG Urodela trifft sich einmal im Jahr in Gersfeld (Rh\u00f6n). Diese Veranstaltung erm\u00f6glicht den Mitgliedern Kniffe, Erfahrungen und neuestes Wissen auszutauschen. Die Beliebtheit zeigt sich daran, dass jedes Jahr Teilnehmer aus der ganzen Welt anreisen, um sich f\u00fcr ein Wochenende zu treffen. So kommen Mitglieder aus Belgien, Niederlande, Frankreich, Schweden, D\u00e4nemark, Spanien, Schweiz, Liechtenstein,<span class=\"post-excerpt-end\">&hellip;<\/span><\/p>\n<p class=\"more-link\"><a href=\"https:\/\/www.ag-urodela.de\/en\/tagung-2025\/\" class=\"themebutton\">Read More<\/a><\/p>\n","protected":false},"author":1,"featured_media":0,"parent":0,"menu_order":0,"comment_status":"closed","ping_status":"closed","template":"","meta":{"footnotes":""},"class_list":["post-474","page","type-page","status-publish","hentry"],"translation":{"provider":"WPGlobus","version":"3.0.2","language":"en","enabled_languages":["de","en"],"languages":{"de":{"title":true,"content":true,"excerpt":false},"en":{"title":false,"content":false,"excerpt":false}}},"_links":{"self":[{"href":"https:\/\/www.ag-urodela.de\/en\/wp-json\/wp\/v2\/pages\/474","targetHints":{"allow":["GET"]}}],"collection":[{"href":"https:\/\/www.ag-urodela.de\/en\/wp-json\/wp\/v2\/pages"}],"about":[{"href":"https:\/\/www.ag-urodela.de\/en\/wp-json\/wp\/v2\/types\/page"}],"author":[{"embeddable":true,"href":"https:\/\/www.ag-urodela.de\/en\/wp-json\/wp\/v2\/users\/1"}],"replies":[{"embeddable":true,"href":"https:\/\/www.ag-urodela.de\/en\/wp-json\/wp\/v2\/comments?post=474"}],"version-history":[{"count":6,"href":"https:\/\/www.ag-urodela.de\/en\/wp-json\/wp\/v2\/pages\/474\/revisions"}],"predecessor-version":[{"id":483,"href":"https:\/\/www.ag-urodela.de\/en\/wp-json\/wp\/v2\/pages\/474\/revisions\/483"}],"wp:attachment":[{"href":"https:\/\/www.ag-urodela.de\/en\/wp-json\/wp\/v2\/media?parent=474"}],"curies":[{"name":"wp","href":"https:\/\/api.w.org\/{rel}","templated":true}]}}