{"id":53,"date":"2018-08-31T06:23:34","date_gmt":"2018-08-31T04:23:34","guid":{"rendered":"http:\/\/www.ag-urodela.de\/?page_id=53"},"modified":"2023-01-28T12:54:43","modified_gmt":"2023-01-28T11:54:43","slug":"boersenregeln","status":"publish","type":"page","link":"https:\/\/www.ag-urodela.de\/en\/tagung-2023\/boersenregeln\/","title":{"rendered":"Fair Terms&#038;Conditions"},"content":{"rendered":"<p>Die Veranstaltung der B\u00f6rse geschieht unter der Voraussetzung, dass sie ein Forum f\u00fcr den direkten Kontakt zwischen Amphibienz\u00fcchtern und interessierten Terrarianern oder allgemein Interessierten darstellt. Sie ist als Plattform f\u00fcr den Austausch sowohl von Tieren als auch von Informationen gedacht und soll in ihrer Zielsetzung letztendlich den Massenimport von Wildtieren \u00fcberfl\u00fcssig machen und zu selbsterhaltenen Best\u00e4nden in menschlicher Obhut f\u00fchren.<\/p>\n<ol>\n<li>Sowohl f\u00fcr An- und Abtransport als auch f\u00fcr die zeitweise Unterbringung von nicht exponierten Tieren sind thermostabile Beh\u00e4lter, z. B. in Form von K\u00fchlboxen, Styroporboxen oder \u00e4hnliches zu verwenden. Gegebenenfalls sind die genannten Beh\u00e4ltnisse durch K\u00fchlakkus zu temperieren.<\/li>\n<li>F\u00fcr jedes angebotene Tier sind folgende Angaben schriftlich, f\u00fcr jeden Interessierten sichtbar, auszulegen:\n<ul>\n<li>Name des Anbieters<\/li>\n<li>wissenschaftlicher Name des angebotenen Tieres<\/li>\n<li>Geschlecht: 1,0 \/ 0,1 \/ 0,0,1<\/li>\n<li>Verbreitung<\/li>\n<li>Herkunft: Nachzucht \/ Eigener Wildfang \/ Tierhandel<\/li>\n<li>Schutzstatus: EG-VO, Anhang A\/B des Washingtoner Artenschutzabkommens, BArtSchVo<\/li>\n<li>Haltungsbeschreibung:\n<ul>\n<li>Terrariengr\u00f6\u00dfe f\u00fcr Adulttiere<\/li>\n<li>Bodengrund<\/li>\n<li>Temperaturbed\u00fcrfnis<\/li>\n<li>\u00dcberwinterung<\/li>\n<li>Futter<\/li>\n<\/ul>\n<\/li>\n<\/ul>\n<\/li>\n<li>Alle Tiere sind m\u00f6glichst einzeln unterzubringen. Dies gilt auch, wenn die Tiere paarweise oder als Zuchtgruppe angeboten werden.<\/li>\n<li>Es d\u00fcrfen nur gesunde und in einwandfreien Zustand befindliche Tiere angeboten werden.<\/li>\n<li>In den R\u00e4umen, wo Tiere angeboten werden, ist das Rauchen untersagt und Zugluft zu vermeiden.<\/li>\n<li>F\u00fcr jedes gesch\u00fctzte Tier sind die Originalpapiere mitzuf\u00fchren und auf Verlangen vorzulegen.<\/li>\n<li>Das Mitbringen von Gifttieren, die f\u00fcr den Menschen gef\u00e4hrlich sind, ist verboten.<\/li>\n<li>Das Herausnehmen von Tieren aus dem Beh\u00e4lter darf ausschlie\u00dflich im Beisein und mit Zustimmung des Anbieters erfolgen. Dieser sollte dies nur dann<br \/>\n\t\t\t\t\tgestatten, wenn er einen triftigen Grund daf\u00fcr erkennt.<\/li>\n<li>Das Beklopfen und Sch\u00fctteln der Tierbeh\u00e4lter ist untersagt.<\/li>\n<li>Die ausgestellten Tiere sind st\u00e4ndig durch den Anbieter zu beaufsichtigen. Im Bedarfsfall hat er eine andere, sachkundige Person mit der \u00dcberwachung zu<br \/>\n\t\t\t\t\tbeauftragen.<\/li>\n<li>Geschlechtsbestimmungen sollen auf das Minimum beschr\u00e4nkt werden (evtl. mehrere Interessenten abwarten oder eine Uhrzeit absprechen).<\/li>\n<li>Die Abgabe von Tieren an Jugendliche unter 16 Jahren darf nur mit der Kenntnis und Zustimmung des\/der Erziehungsberechtigten erfolgen.<\/li>\n<li>Auf der Tierb\u00f6rse der AG Urodela d\u00fcrfen ausschlie\u00dflich Amphibien gehandelt werden.<\/li>\n<\/ol>\n<p>Diese Regeln sind f\u00fcr alle Teilnehmer an der B\u00f6rse verbindlich. Sie gelten durch die Teilnahme als anerkannt. Der Veranstalter haftet nicht bei Unf\u00e4llen mit den Tieren.<\/p>\n","protected":false},"excerpt":{"rendered":"<p>Die Veranstaltung der B\u00f6rse geschieht unter der Voraussetzung, dass sie ein Forum f\u00fcr den direkten Kontakt zwischen Amphibienz\u00fcchtern und interessierten Terrarianern oder allgemein Interessierten darstellt. Sie ist als Plattform f\u00fcr den Austausch sowohl von Tieren als auch von Informationen gedacht und soll in ihrer Zielsetzung letztendlich den Massenimport von Wildtieren \u00fcberfl\u00fcssig machen und zu selbsterhaltenen<span class=\"post-excerpt-end\">&hellip;<\/span><\/p>\n<p class=\"more-link\"><a href=\"https:\/\/www.ag-urodela.de\/en\/tagung-2023\/boersenregeln\/\" class=\"themebutton\">Read More<\/a><\/p>\n","protected":false},"author":1,"featured_media":0,"parent":382,"menu_order":0,"comment_status":"closed","ping_status":"closed","template":"","meta":{"footnotes":""},"class_list":["post-53","page","type-page","status-publish","hentry"],"translation":{"provider":"WPGlobus","version":"3.0.2","language":"en","enabled_languages":["de","en"],"languages":{"de":{"title":true,"content":true,"excerpt":false},"en":{"title":true,"content":true,"excerpt":false}}},"_links":{"self":[{"href":"https:\/\/www.ag-urodela.de\/en\/wp-json\/wp\/v2\/pages\/53","targetHints":{"allow":["GET"]}}],"collection":[{"href":"https:\/\/www.ag-urodela.de\/en\/wp-json\/wp\/v2\/pages"}],"about":[{"href":"https:\/\/www.ag-urodela.de\/en\/wp-json\/wp\/v2\/types\/page"}],"author":[{"embeddable":true,"href":"https:\/\/www.ag-urodela.de\/en\/wp-json\/wp\/v2\/users\/1"}],"replies":[{"embeddable":true,"href":"https:\/\/www.ag-urodela.de\/en\/wp-json\/wp\/v2\/comments?post=53"}],"version-history":[{"count":5,"href":"https:\/\/www.ag-urodela.de\/en\/wp-json\/wp\/v2\/pages\/53\/revisions"}],"predecessor-version":[{"id":393,"href":"https:\/\/www.ag-urodela.de\/en\/wp-json\/wp\/v2\/pages\/53\/revisions\/393"}],"up":[{"embeddable":true,"href":"https:\/\/www.ag-urodela.de\/en\/wp-json\/wp\/v2\/pages\/382"}],"wp:attachment":[{"href":"https:\/\/www.ag-urodela.de\/en\/wp-json\/wp\/v2\/media?parent=53"}],"curies":[{"name":"wp","href":"https:\/\/api.w.org\/{rel}","templated":true}]}}